{"id":10,"date":"2024-06-14T14:27:13","date_gmt":"2024-06-14T14:27:13","guid":{"rendered":"https:\/\/demosites.royal-elementor-addons.com\/financial-services-v1\/?page_id=10"},"modified":"2025-02-26T11:46:52","modified_gmt":"2025-02-26T11:46:52","slug":"servisler","status":"publish","type":"page","link":"http:\/\/wisetercume.com\/?page_id=10","title":{"rendered":"Servisler"},"content":{"rendered":"\t\t<div data-elementor-type=\"wp-page\" data-elementor-id=\"10\" class=\"elementor elementor-10\">\n\t\t\t\t<div class=\"elementor-element elementor-element-0580e27 e-flex e-con-boxed wpr-particle-no wpr-jarallax-no wpr-parallax-no wpr-sticky-section-no wpr-equal-height-no e-con e-parent\" data-id=\"0580e27\" data-element_type=\"container\" data-e-type=\"container\" data-settings=\"{&quot;background_background&quot;:&quot;classic&quot;}\">\n\t\t\t\t\t<div class=\"e-con-inner\">\n\t\t\t\t<div class=\"elementor-element elementor-element-f1a85f1 elementor-widget elementor-widget-heading\" data-id=\"f1a85f1\" data-element_type=\"widget\" data-e-type=\"widget\" data-widget_type=\"heading.default\">\n\t\t\t\t<div class=\"elementor-widget-container\">\n\t\t\t\t\t<h1 class=\"elementor-heading-title elementor-size-default\">Servisler<\/h1>\t\t\t\t<\/div>\n\t\t\t\t<\/div>\n\t\t\t\t\t<\/div>\n\t\t\t\t<\/div>\n\t\t<div class=\"elementor-element elementor-element-94ec379 e-flex e-con-boxed wpr-particle-no wpr-jarallax-no wpr-parallax-no wpr-sticky-section-no wpr-equal-height-no e-con e-parent\" data-id=\"94ec379\" data-element_type=\"container\" data-e-type=\"container\">\n\t\t\t\t\t<div class=\"e-con-inner\">\n\t\t<div class=\"elementor-element elementor-element-b09c6f8 e-con-full e-flex wpr-particle-no wpr-jarallax-no wpr-parallax-no wpr-sticky-section-no wpr-equal-height-no e-con e-child\" data-id=\"b09c6f8\" data-element_type=\"container\" data-e-type=\"container\">\n\t\t\t\t<div class=\"elementor-element elementor-element-dffd659 elementor-widget elementor-widget-heading\" data-id=\"dffd659\" data-element_type=\"widget\" data-e-type=\"widget\" data-widget_type=\"heading.default\">\n\t\t\t\t<div class=\"elementor-widget-container\">\n\t\t\t\t\t<h2 class=\"elementor-heading-title elementor-size-default\">Servisler<\/h2>\t\t\t\t<\/div>\n\t\t\t\t<\/div>\n\t\t\t\t<div class=\"elementor-element elementor-element-e731a64 elementor-widget elementor-widget-text-editor\" data-id=\"e731a64\" data-element_type=\"widget\" data-e-type=\"widget\" data-widget_type=\"text-editor.default\">\n\t\t\t\t<div class=\"elementor-widget-container\">\n\t\t\t\t\t\t\t\t\t<p>W\u0130SE Terc\u00fcme olarak hizmetinizdeyiz.<\/p>\t\t\t\t\t\t\t\t<\/div>\n\t\t\t\t<\/div>\n\t\t\t\t<\/div>\n\t\t<div class=\"elementor-element elementor-element-6cb12aa e-flex e-con-boxed wpr-particle-no wpr-jarallax-no wpr-parallax-no wpr-sticky-section-no wpr-equal-height-no e-con e-child\" data-id=\"6cb12aa\" data-element_type=\"container\" data-e-type=\"container\">\n\t\t\t\t\t<div class=\"e-con-inner\">\n\t\t<div class=\"elementor-element elementor-element-05a0071 e-grid e-con-boxed wpr-particle-no wpr-jarallax-no wpr-parallax-no wpr-sticky-section-no wpr-equal-height-no e-con e-child\" data-id=\"05a0071\" data-element_type=\"container\" data-e-type=\"container\">\n\t\t\t\t\t<div class=\"e-con-inner\">\n\t\t\t\t<div class=\"elementor-element elementor-element-09d9427 elementor-position-top elementor-invisible elementor-widget elementor-widget-image-box\" data-id=\"09d9427\" data-element_type=\"widget\" data-e-type=\"widget\" data-settings=\"{&quot;_animation&quot;:&quot;zoomIn&quot;}\" data-widget_type=\"image-box.default\">\n\t\t\t\t<div class=\"elementor-widget-container\">\n\t\t\t\t\t<div class=\"elementor-image-box-wrapper\"><figure class=\"elementor-image-box-img\"><img fetchpriority=\"high\" decoding=\"async\" width=\"400\" height=\"400\" src=\"http:\/\/wisetercume.com\/wp-content\/uploads\/2024\/06\/Financial-Icons-1.png\" class=\"attachment-full size-full wp-image-550\" alt=\"\" srcset=\"http:\/\/wisetercume.com\/wp-content\/uploads\/2024\/06\/Financial-Icons-1.png 400w, http:\/\/wisetercume.com\/wp-content\/uploads\/2024\/06\/Financial-Icons-1-300x300.png 300w, http:\/\/wisetercume.com\/wp-content\/uploads\/2024\/06\/Financial-Icons-1-150x150.png 150w\" sizes=\"(max-width: 400px) 100vw, 400px\" \/><\/figure><div class=\"elementor-image-box-content\"><h3 class=\"elementor-image-box-title\">Her Dilde Yaz\u0131l\u0131 ve S\u00f6zl\u00fc Yeminli Terc\u00fcme<\/h3><\/div><\/div>\t\t\t\t<\/div>\n\t\t\t\t<\/div>\n\t\t\t\t<div class=\"elementor-element elementor-element-65038ed elementor-position-top elementor-invisible elementor-widget elementor-widget-image-box\" data-id=\"65038ed\" data-element_type=\"widget\" data-e-type=\"widget\" data-settings=\"{&quot;_animation&quot;:&quot;zoomIn&quot;}\" data-widget_type=\"image-box.default\">\n\t\t\t\t<div class=\"elementor-widget-container\">\n\t\t\t\t\t<div class=\"elementor-image-box-wrapper\"><figure class=\"elementor-image-box-img\"><img decoding=\"async\" width=\"431\" height=\"431\" src=\"http:\/\/wisetercume.com\/wp-content\/uploads\/2024\/06\/Services-4.png\" class=\"attachment-full size-full wp-image-861\" alt=\"\" srcset=\"http:\/\/wisetercume.com\/wp-content\/uploads\/2024\/06\/Services-4.png 431w, http:\/\/wisetercume.com\/wp-content\/uploads\/2024\/06\/Services-4-300x300.png 300w, http:\/\/wisetercume.com\/wp-content\/uploads\/2024\/06\/Services-4-150x150.png 150w\" sizes=\"(max-width: 431px) 100vw, 431px\" \/><\/figure><div class=\"elementor-image-box-content\"><h3 class=\"elementor-image-box-title\">Noter Onayl\u0131 Terc\u00fcme<\/h3><\/div><\/div>\t\t\t\t<\/div>\n\t\t\t\t<\/div>\n\t\t\t\t<div class=\"elementor-element elementor-element-a0ecfb9 elementor-position-top elementor-invisible elementor-widget elementor-widget-image-box\" data-id=\"a0ecfb9\" data-element_type=\"widget\" data-e-type=\"widget\" data-settings=\"{&quot;_animation&quot;:&quot;zoomIn&quot;}\" data-widget_type=\"image-box.default\">\n\t\t\t\t<div class=\"elementor-widget-container\">\n\t\t\t\t\t<div class=\"elementor-image-box-wrapper\"><figure class=\"elementor-image-box-img\"><img decoding=\"async\" width=\"431\" height=\"431\" src=\"http:\/\/wisetercume.com\/wp-content\/uploads\/2024\/06\/Services-6.png\" class=\"attachment-full size-full wp-image-863\" alt=\"\" srcset=\"http:\/\/wisetercume.com\/wp-content\/uploads\/2024\/06\/Services-6.png 431w, http:\/\/wisetercume.com\/wp-content\/uploads\/2024\/06\/Services-6-300x300.png 300w, http:\/\/wisetercume.com\/wp-content\/uploads\/2024\/06\/Services-6-150x150.png 150w\" sizes=\"(max-width: 431px) 100vw, 431px\" \/><\/figure><div class=\"elementor-image-box-content\"><h3 class=\"elementor-image-box-title\">Apostil Servisi<\/h3><\/div><\/div>\t\t\t\t<\/div>\n\t\t\t\t<\/div>\n\t\t\t\t\t<\/div>\n\t\t\t\t<\/div>\n\t\t\t\t\t<\/div>\n\t\t\t\t<\/div>\n\t\t\t\t\t<\/div>\n\t\t\t\t<\/div>\n\t\t\t\t<\/div>\n\t\t","protected":false},"excerpt":{"rendered":"<p>Servisler Servisler W\u0130SE Terc\u00fcme olarak hizmetinizdeyiz. Her Dilde Yaz\u0131l\u0131 ve S\u00f6zl\u00fc Yeminli Terc\u00fcme Noter Onayl\u0131 Terc\u00fcme Apostil Servisi<\/p>\n","protected":false},"author":1,"featured_media":0,"parent":0,"menu_order":0,"comment_status":"closed","ping_status":"closed","template":"elementor_canvas","meta":{"footnotes":""},"class_list":["post-10","page","type-page","status-publish","hentry"],"_links":{"self":[{"href":"http:\/\/wisetercume.com\/index.php?rest_route=\/wp\/v2\/pages\/10","targetHints":{"allow":["GET"]}}],"collection":[{"href":"http:\/\/wisetercume.com\/index.php?rest_route=\/wp\/v2\/pages"}],"about":[{"href":"http:\/\/wisetercume.com\/index.php?rest_route=\/wp\/v2\/types\/page"}],"author":[{"embeddable":true,"href":"http:\/\/wisetercume.com\/index.php?rest_route=\/wp\/v2\/users\/1"}],"replies":[{"embeddable":true,"href":"http:\/\/wisetercume.com\/index.php?rest_route=%2Fwp%2Fv2%2Fcomments&post=10"}],"version-history":[{"count":7,"href":"http:\/\/wisetercume.com\/index.php?rest_route=\/wp\/v2\/pages\/10\/revisions"}],"predecessor-version":[{"id":1240,"href":"http:\/\/wisetercume.com\/index.php?rest_route=\/wp\/v2\/pages\/10\/revisions\/1240"}],"wp:attachment":[{"href":"http:\/\/wisetercume.com\/index.php?rest_route=%2Fwp%2Fv2%2Fmedia&parent=10"}],"curies":[{"name":"wp","href":"https:\/\/api.w.org\/{rel}","templated":true}]}}